{"id":10531,"date":"2017-09-15T19:51:41","date_gmt":"2017-09-15T19:51:41","guid":{"rendered":"http:\/\/treekode.com\/themes\/hazel\/multipage\/?page_id=6"},"modified":"2023-10-19T17:53:39","modified_gmt":"2023-10-19T17:53:39","slug":"home","status":"publish","type":"page","link":"https:\/\/www.altab.si\/home\/","title":{"rendered":"Home"},"content":{"rendered":"<p>[vc_row full_width=&#8221;stretch_row_content_no_spaces&#8221;][vc_column][rev_slider_vc alias=&#8221;creative-freedom&#8221;][vc_separator color=&#8221;black&#8221; border_width=&#8221;10&#8243;][\/vc_column][\/vc_row][vc_row full_width=&#8221;stretch_row_content_no_spaces&#8221; parallax=&#8221;content-moving-fade&#8221; parallax_image=&#8221;10619&#8243; bg_type=&#8221;bg_color&#8221; bg_override=&#8221;ex-full&#8221; css=&#8221;.vc_custom_1660473444598{padding-top: 100px !important;}&#8221; bg_color_value=&#8221;#f7f7f7&#8243;][vc_column width=&#8221;1\/2&#8243; el_class=&#8221;wide-box-mobile&#8221;][vc_row_inner][vc_column_inner width=&#8221;1\/4&#8243;][\/vc_column_inner][vc_column_inner el_class=&#8221;home-box1-mobile&#8221; width=&#8221;3\/4&#8243;][vc_custom_heading text=&#8221;3D SKENIRANJE PROSTOROV IN VIRTUALNI SPREHODI&#8221; font_container=&#8221;tag:h2|font_size:26px|text_align:center|color:%232865af&#8221; use_theme_fonts=&#8221;yes&#8221;][vc_empty_space height=&#8221;10px&#8221;][vc_column_text css_animation=&#8221;fadeInLeft&#8221;]&nbsp;<\/p>\n<p><span style=\"color: #ffffff;\"><strong>Altab Spletni Studio Vam nudi skeniranje prostorov in virtualne 3D sprehode.<\/strong><\/span><\/p>\n<p><span style=\"color: #ffffff;\"><strong>Imate kupce ali poslovne partnerje v tujini in bi jim radi nekaj predstavili: projekt, poslovni prostor, nepremi\u010dnino&#8230; Pokli\u010dite nas!\u00a0<\/strong><\/span><\/p>\n<p><span style=\"color: #ffffff;\"><strong>Virtualni ogledi in 360 stopinjski virtualni sprehodi so sestavljeni iz ve\u010d med seboj povezanih skeniranj in v kombinaciji\u00a0 z zmogljivo tehnologijo umetne inteligence dobimo natan\u010dno analizo in prikaz podatkov kot celote. Kot rezultat dobimo 3-dimenzionalni model prostora.<\/strong><\/span><\/p>\n<p><span style=\"color: #ffffff;\"><strong>3D medijska prezentacija, katero dobimo\u2026 za Vas naredi uprizoritev interaktivnih 3D 360 stopinjskih sprehodov in posnetkov katerega koli kraja v resni\u010dnem svetu. Odkrijte na\u0161e re\u0161itve za nepremi\u010dnine, gradbeni\u0161tvo, arhitekturo, industrijo, 3D dokumentiranje za zavarovalnice, virtualne sprehode, 3D marketin\u0161ko promocijo trgovin, salonov, hotelov, gostinjskih objektov ipd\u2026<\/strong><\/span><\/p>\n<p><span style=\"color: #ffffff;\"><strong>Omogo\u010damo vam tudi objavo posnetega objekta na Google Street View, Google Maps in Google Earth. Za vas lahko naredimo tudi promocijo 3D sprehoda na na va\u0161i, na\u0161i spletni strani ali na socialnih omre\u017ejih.\u00a0<\/strong><\/span><\/p>\n<p><span style=\"color: #ffffff;\"><strong>Podjetje Altab Virtualni 3D studio iz Ivan\u010dne Gorice se ukvarja s storitvami, povezanimi z uporabo Matterport tehnologije. Gre za podjetje, ki svojim strankam ponuja vrhunske virtualne storitve in re\u0161itve za izdelavo 3D posnetkov in 3D 360 stopinjskih virtualnih sprehodov. S svojo izku\u0161enostjo in strokovnim znanjem so postali vodilni ponudnik 3D posnetkov v Sloveniji. \u010ce\u00a0<em>\u017eelite izstopati<\/em>\u00a0in biti korak pred\u00a0<em>konkurenco, prava re\u0161itev je 3D sprehod.<\/em><\/strong><\/span>[\/vc_column_text][vc_empty_space height=&#8221;60px&#8221;][vc_empty_space height=&#8221;30px&#8221;][vc_btn title=&#8221;OGLED 3D VIRTUALNIH SPREHODOV&#8221; style=&#8221;gradient&#8221; shape=&#8221;square&#8221; align=&#8221;center&#8221; i_align=&#8221;right&#8221; i_icon_fontawesome=&#8221;fas fa-video&#8221; css_animation=&#8221;left-to-right&#8221; add_icon=&#8221;true&#8221; link=&#8221;url:https%3A%2F%2Fwww.altab.si%2Fhome%2Fshortcodes%2F&#8221; css=&#8221;.vc_custom_1680225299701{margin-bottom: 90px !important;}&#8221;][\/vc_column_inner][\/vc_row_inner][\/vc_column][vc_column width=&#8221;1\/2&#8243; el_class=&#8221;wide-box-mobile&#8221;][vc_single_image image=&#8221;11519&#8243; img_size=&#8221;500&#215;270&#8243; alignment=&#8221;center&#8221; style=&#8221;vc_box_circle_2&#8243;]<div class=\"ult-spacer spacer-69f56ee5dc20d\" data-id=\"69f56ee5dc20d\" data-height=\"10\" data-height-mobile=\"10\" data-height-tab=\"10\" data-height-tab-portrait=\"\" data-height-mobile-landscape=\"\" style=\"clear:both;display:block;\"><\/div>[vc_single_image image=&#8221;11230&#8243; img_size=&#8221;full&#8221; alignment=&#8221;center&#8221; style=&#8221;vc_box_circle_2&#8243;][vc_empty_space height=&#8221;50px&#8221;][\/vc_column][\/vc_row][vc_row full_width=&#8221;stretch_row_content&#8221; gap=&#8221;35&#8243; content_placement=&#8221;middle&#8221; parallax=&#8221;content-moving-fade&#8221; parallax_image=&#8221;10618&#8243; bg_type=&#8221;image&#8221; parallax_style=&#8221;vcpb-animated&#8221; bg_image_new=&#8221;id^10618|url^https:\/\/www.altab.si\/wp-content\/uploads\/2018\/01\/432423-e1660474663819.jpg|caption^null|alt^null|title^432423.jpg|description^null&#8221; disable_on_mobile_img_parallax=&#8221;disable_on_mobile_img_parallax_value&#8221; parallax_content=&#8221;parallax_content_value&#8221; fadeout_row=&#8221;fadeout_row_value&#8221; css=&#8221;.vc_custom_1660481734801{padding-top: 120px !important;}&#8221; el_id=&#8221;about&#8221;][vc_column parallax=&#8221;content-moving-fade&#8221; parallax_image=&#8221;10619&#8243; css_animation=&#8221;fadeInUp&#8221; css=&#8221;.vc_custom_1660483168704{margin-bottom: 200px !important;background-color: #e5e5e5 !important;border-radius: 35px !important;}&#8221; offset=&#8221;vc_col-lg-offset-0 vc_col-xs-12&#8243;][\/vc_column][\/vc_row][vc_row bg_type=&#8221;bg_color&#8221; bg_override=&#8221;ex-full&#8221; css=&#8221;.vc_custom_1660474496468{padding-top: 60px !important;padding-bottom: 40px !important;}&#8221; bg_color_value=&#8221;#101010&#8243;][vc_column][vc_custom_heading text=&#8221;SNEMANJE DRONOM IN IZDELAVA 3D VIRTUALNIH SPREHODOV&#8221; font_container=&#8221;tag:h4|text_align:center|color:%23ededed&#8221; use_theme_fonts=&#8221;yes&#8221; css_animation=&#8221;lightSpeedIn&#8221;][vc_btn title=&#8221;ZA\u010cNIMO PROJEKT&#8221; style=&#8221;gradient-custom&#8221; gradient_custom_color_1=&#8221;#5b5b53&#8243; gradient_custom_color_2=&#8221;#90b1dd&#8221; gradient_text_color=&#8221;#eaeaea&#8221; size=&#8221;sm&#8221; align=&#8221;center&#8221; css_animation=&#8221;bottom-to-top&#8221; link=&#8221;url:https%3A%2F%2Fwww.altab.si%2Fpages%2Fcontacts-version-1%2F|title:Apple%20iWatch|target:_blank&#8221;][\/vc_column][\/vc_row][vc_row bg_type=&#8221;image&#8221; parallax_style=&#8221;vcpb-hz-jquery&#8221; bg_image_new=&#8221;id^10619|url^https:\/\/www.altab.si\/wp-content\/uploads\/2018\/01\/432423-1.jpg|caption^null|alt^null|title^432423.jpg|description^null&#8221; parallax_sense=&#8221;20&#8243; bg_override=&#8221;ex-full&#8221; disable_on_mobile_img_parallax=&#8221;disable_on_mobile_img_parallax_value&#8221; css=&#8221;.vc_custom_1664108981736{background-position: center !important;background-repeat: no-repeat !important;background-size: cover !important;}&#8221;][vc_column parallax=&#8221;content-moving-fade&#8221; css=&#8221;.vc_custom_1664108790591{background-position: center !important;background-repeat: no-repeat !important;background-size: cover !important;}&#8221;][vc_empty_space][vc_raw_html]JTNDaWZyYW1lJTIwd2lkdGglM0QlMjcyNDAwJTI3JTIwaGVpZ2h0JTNEJTI3NjAwJTI3JTIwc3JjJTNEJTI3aHR0cHMlM0ElMkYlMkZ3d3cuM2R2aXN0YS5jb20lMkZzYW1wbGVzJTJGbmV3X3lvcmtfbG9mdC5odG1sJTI3JTIwZnJhbWVib3JkZXIlM0QlMjcwJTI3JTIwYWxsb3dmdWxsc2NyZWVuJTIwYWxsb3clM0QlMjd4ci1zcGF0aWFsLXRyYWNraW5nJTI3JTNFJTNDJTJGaWZyYW1lJTNF[\/vc_raw_html][vc_empty_space][vc_raw_html]JTNDaWZyYW1lJTIwd2lkdGglM0QlMjcyNDAwJTI3JTIwaGVpZ2h0JTNEJTI3NjAwJTI3JTIwc3JjJTNEJTI3aHR0cHMlM0ElMkYlMkZ3d3cuM2R2aXN0YS5jb20lMkZzYW1wbGVzJTJGbGl2ZV9wYW5vX255Lmh0bWwlMjclMjBmcmFtZWJvcmRlciUzRCUyNzAlMjclMjBhbGxvd2Z1bGxzY3JlZW4lMjBhbGxvdyUzRCUyN3hyLXNwYXRpYWwtdHJhY2tpbmclMjclM0UlM0MlMkZpZnJhbWUlM0U=[\/vc_raw_html][vc_empty_space][\/vc_column][\/vc_row]<\/p>\n","protected":false},"excerpt":{"rendered":"<p>[vc_row full_width=&#8221;stretch_row_content_no_spaces&#8221;][vc_column][rev_slider_vc alias=&#8221;creative-freedom&#8221;][vc_separator color=&#8221;black&#8221; border_width=&#8221;10&#8243;][\/vc_column][\/vc_row][vc_row full_width=&#8221;stretch_row_content_no_spaces&#8221; parallax=&#8221;content-moving-fade&#8221; parallax_image=&#8221;10619&#8243; bg_type=&#8221;bg_color&#8221; bg_override=&#8221;ex-full&#8221; css=&#8221;.vc_custom_1660473444598{padding-top: 100px !important;}&#8221; bg_color_value=&#8221;#f7f7f7&#8243;][vc_column width=&#8221;1\/2&#8243; el_class=&#8221;wide-box-mobile&#8221;][vc_row_inner][vc_column_inner width=&#8221;1\/4&#8243;][\/vc_column_inner][vc_column_inner el_class=&#8221;home-box1-mobile&#8221; width=&#8221;3\/4&#8243;][vc_custom_heading text=&#8221;3D SKENIRANJE PROSTOROV IN VIRTUALNI SPREHODI&#8221; font_container=&#8221;tag:h2|font_size:26px|text_align:center|color:%232865af&#8221; use_theme_fonts=&#8221;yes&#8221;][vc_empty_space height=&#8221;10px&#8221;][vc_column_text css_animation=&#8221;fadeInLeft&#8221;]&nbsp; Altab Spletni Studio Vam nudi skeniranje prostorov in virtualne 3D sprehode. Imate kupce ali poslovne partnerje v tujini in bi jim radi nekaj predstavili: projekt, poslovni [&hellip;]<\/p>\n","protected":false},"author":1,"featured_media":0,"parent":0,"menu_order":0,"comment_status":"closed","ping_status":"closed","template":"one-page-template.php","meta":{"om_disable_all_campaigns":false,"_monsterinsights_skip_tracking":false,"_monsterinsights_sitenote_active":false,"_monsterinsights_sitenote_note":"","_monsterinsights_sitenote_category":0,"_uf_show_specific_survey":0,"_uf_disable_surveys":false,"footnotes":""},"class_list":["post-10531","page","type-page","status-publish","hentry"],"aioseo_notices":[],"_links":{"self":[{"href":"https:\/\/www.altab.si\/home\/wp-json\/wp\/v2\/pages\/10531","targetHints":{"allow":["GET"]}}],"collection":[{"href":"https:\/\/www.altab.si\/home\/wp-json\/wp\/v2\/pages"}],"about":[{"href":"https:\/\/www.altab.si\/home\/wp-json\/wp\/v2\/types\/page"}],"author":[{"embeddable":true,"href":"https:\/\/www.altab.si\/home\/wp-json\/wp\/v2\/users\/1"}],"replies":[{"embeddable":true,"href":"https:\/\/www.altab.si\/home\/wp-json\/wp\/v2\/comments?post=10531"}],"version-history":[{"count":400,"href":"https:\/\/www.altab.si\/home\/wp-json\/wp\/v2\/pages\/10531\/revisions"}],"predecessor-version":[{"id":12216,"href":"https:\/\/www.altab.si\/home\/wp-json\/wp\/v2\/pages\/10531\/revisions\/12216"}],"wp:attachment":[{"href":"https:\/\/www.altab.si\/home\/wp-json\/wp\/v2\/media?parent=10531"}],"curies":[{"name":"wp","href":"https:\/\/api.w.org\/{rel}","templated":true}]}}