{"id":97,"date":"2017-09-15T20:55:49","date_gmt":"2017-09-15T20:55:49","guid":{"rendered":"http:\/\/treekode.com\/themes\/hazel\/multipage\/?page_id=97"},"modified":"2022-11-27T20:58:04","modified_gmt":"2022-11-27T20:58:04","slug":"multimedia-players","status":"publish","type":"page","link":"https:\/\/www.altab.si\/home\/shortcodes\/multimedia-players\/","title":{"rendered":"ZABAVNI KOTI\u010cEK &#8211; MULTIMEDIJA"},"content":{"rendered":"<p>[vc_row][vc_column][vc_empty_space height=&#8221;50px&#8221;][\/vc_column][\/vc_row][vc_row][vc_column width=&#8221;1\/2&#8243;][vc_video link=&#8221;https:\/\/www.youtube.com\/watch?v=FXDjMJJDbqo&#8221;][\/vc_column][vc_column width=&#8221;1\/2&#8243;][vc_empty_space height=&#8221;20px&#8221;][vc_custom_heading text=&#8221;SKENIRANJE Z 3D-360\u00b0 TEHNOLOGIJO&#8221; use_theme_fonts=&#8221;yes&#8221;][vc_empty_space height=&#8221;20px&#8221;][vc_column_text css_animation=&#8221;right-to-left&#8221;]Virtualni ogledi so sestavljeni iz ve\u010d med seboj povezanih skeniranj, softverski obdelanih v posebnem programu v eno celoto.\u00a0 Kot rezultat dobimo 3-dimenzionalni model prostora kateremu re\u010demo (digitalni dvoj\u010dek).<\/p>\n<p>3D medijska prezentacija, katero dobimo&#8230; za Vas naredi uprizoritev interaktivnih 3D-prehodov in fotografij katerega koli kraja v resni\u010dnem svetu. Odkrijte na\u0161e re\u0161itve za nepremi\u010dnine, gradbeni\u0161tvo, arhitekturo, industrijo, 3D dokumentiranje za zavarovalnice, virtualni sprehodi, 3D marketin\u0161ko promocijo trgovin, salonov, hotelov, ugostiteljskih objektov in ipd&#8230;[\/vc_column_text][\/vc_column][\/vc_row][vc_row][vc_column][vc_empty_space height=&#8221;50px&#8221;][vc_separator][vc_empty_space height=&#8221;50px&#8221;][\/vc_column][\/vc_row][vc_row][vc_column width=&#8221;1\/2&#8243;][vc_empty_space height=&#8221;20px&#8221;][vc_empty_space height=&#8221;50px&#8221;][vc_custom_heading text=&#8221;3D VIRTUALNI SPREHODI ZA PODJETJA IN TRGOVINE&#8221; use_theme_fonts=&#8221;yes&#8221;][vc_empty_space height=&#8221;20px&#8221;][vc_column_text css_animation=&#8221;left-to-right&#8221;]Hitro in u\u010dinkovito omogo\u010dite dostop poslovnim partnerjem ali strankam do va\u0161ega poslovnega prostora. V kombinaciji s spletno tehnologijo lahko ustvarite virtualno spletno trgovino ali 3D prezantacijo Va\u0161ega poslovnega prostora. Organiziranje prodaje ali poslovnih sre\u010danj in semninarjev na daljavo z 3D tehnologijo dolo\u010da nove standarde v poslovnem okolju. Za Vas skeniramo prostor, ga softverski obdelamo&#8230; po potrebi implementiramo na va\u0161o spletno stran ali na razli\u010dna socijalna omre\u017eja.[\/vc_column_text][\/vc_column][vc_column width=&#8221;1\/2&#8243;][vc_video link=&#8221;https:\/\/youtu.be\/OHpMVoo6LPE&#8221;][\/vc_column][\/vc_row][vc_row][vc_column][vc_empty_space height=&#8221;50px&#8221;][vc_separator][vc_empty_space height=&#8221;50px&#8221;][\/vc_column][\/vc_row][vc_row bg_type=&#8221;bg_color&#8221; bg_override=&#8221;ex-full&#8221; css=&#8221;.vc_custom_1497198147451{padding-top: 120px !important;padding-bottom: 80px !important;}&#8221; bg_color_value=&#8221;#101010&#8243;][vc_column]<div id=\"ultimate-heading-938269efaea54941e\" class=\"uvc-heading ult-adjust-bottom-margin ultimate-heading-938269efaea54941e uvc-917 \" data-hspacer=\"icon_only\"  data-halign=\"center\" style=\"text-align:center\"><div class=\"uvc-heading-spacer icon_only\" style=\"margin-bottom:40px;\"><div class=\"ult-just-icon-wrapper  \"><div class=\"align-icon\" style=\"text-align:center;\">\n<div class=\"aio-icon none \"  style=\"color:#e0e0e0;font-size:50px;display:inline-block;\">\n\t<i class=\"linearicons-map\"><\/i>\n<\/div><\/div><\/div><\/div><\/div>[vc_custom_heading text=&#8221;MI SMO ALTAB SPLETNI STUDIO&#8221; font_container=&#8221;tag:h6|text_align:center&#8221; use_theme_fonts=&#8221;yes&#8221;][vc_custom_heading text=&#8221;PI\u0160ITE NAM&#8221; font_container=&#8221;tag:h2|font_size:44px|text_align:center|color:%23f4f4f4&#8243; use_theme_fonts=&#8221;yes&#8221; link=&#8221;url:https%3A%2F%2Fwww.altab.si%2Fpages%2Fcontacts-version-1%2F&#8221;][vc_empty_space height=&#8221;20px&#8221;][\/vc_column][\/vc_row][vc_row bg_type=&#8221;bg_color&#8221; bg_override=&#8221;ex-full&#8221; bg_color_value=&#8221;#101010&#8243;][vc_column]<div class=\"ult-spacer spacer-69efaea54943c\" data-id=\"69efaea54943c\" data-height=\"50\" data-height-mobile=\"50\" data-height-tab=\"50\" data-height-tab-portrait=\"\" data-height-mobile-landscape=\"\" style=\"clear:both;display:block;\"><\/div>[\/vc_column][\/vc_row][vc_row bg_type=&#8221;bg_color&#8221; bg_override=&#8221;ex-full&#8221; bg_color_value=&#8221;#101010&#8243; css=&#8221;.vc_custom_1497197804334{padding-top: 50px !important;padding-bottom: 30px !important;}&#8221;][vc_column width=&#8221;1\/3&#8243;]<div class=\"aio-icon-component    style_1\"><div id=\"Info-box-wrap-6830\" class=\"aio-icon-box top-icon\" style=\"\"  ><div class=\"aio-icon-top\"><div class=\"ult-just-icon-wrapper  \"><div class=\"align-icon\" style=\"text-align:center;\">\n<div class=\"aio-icon none \" data-animation=\"fadeInDown\" data-animation-delay=\"03\" style=\"color:#f4f4f4;font-size:34px;display:inline-block;\">\n\t<i class=\"Defaults-newspaper-o\"><\/i>\n<\/div><\/div><\/div><\/div><div class=\"aio-icon-description ult-responsive\"  data-ultimate-target='#Info-box-wrap-6830 .aio-icon-description'  data-responsive-json-new='{\"font-size\":\"desktop:18px;\",\"line-height\":\"desktop:22px;\"}'  style=\"font-family:&#039;Raleway&#039;;font-weight:300;\">Ju\u0161a Kozaka 29<br \/>\n1295 Ivan\u010dna Gorica<\/div> <!-- description --><\/div> <!-- aio-icon-box --><\/div> <!-- aio-icon-component -->[\/vc_column][vc_column width=&#8221;1\/3&#8243;]<div class=\"aio-icon-component    style_1\"><div id=\"Info-box-wrap-5537\" class=\"aio-icon-box top-icon\" style=\"\"  ><div class=\"aio-icon-top\"><div class=\"ult-just-icon-wrapper  \"><div class=\"align-icon\" style=\"text-align:center;\">\n<div class=\"aio-icon none \"  style=\"color:#f4f4f4;font-size:34px;display:inline-block;\">\n\t<i class=\"Defaults-at\"><\/i>\n<\/div><\/div><\/div><\/div><div class=\"aio-icon-description ult-responsive\"  data-ultimate-target='#Info-box-wrap-5537 .aio-icon-description'  data-responsive-json-new='{\"font-size\":\"desktop:18px;\",\"line-height\":\"desktop:22px;\"}'  style=\"font-family:&#039;Raleway&#039;;font-weight:300;\">info@altab.si<\/div> <!-- description --><\/div> <!-- aio-icon-box --><\/div> <!-- aio-icon-component -->[\/vc_column][vc_column width=&#8221;1\/3&#8243;]<div class=\"aio-icon-component    style_1\"><div id=\"Info-box-wrap-2263\" class=\"aio-icon-box top-icon\" style=\"\"  ><div class=\"aio-icon-top\"><div class=\"ult-just-icon-wrapper  \"><div class=\"align-icon\" style=\"text-align:center;\">\n<div class=\"aio-icon none \"  style=\"color:#f4f4f4;font-size:34px;display:inline-block;\">\n\t<i class=\"Defaults-fax\"><\/i>\n<\/div><\/div><\/div><\/div><div class=\"aio-icon-description ult-responsive\"  data-ultimate-target='#Info-box-wrap-2263 .aio-icon-description'  data-responsive-json-new='{\"font-size\":\"desktop:18px;\",\"line-height\":\"desktop:22px;\"}'  style=\"font-family:&#039;Raleway&#039;;font-weight:300;\">(+386) 40 980 023<\/div> <!-- description --><\/div> <!-- aio-icon-box --><\/div> <!-- aio-icon-component -->[\/vc_column][\/vc_row][vc_row full_width=&#8221;stretch_row_content_no_spaces&#8221; bg_type=&#8221;image&#8221; parallax_style=&#8221;vcpb-default&#8221; bg_image_new=&#8221;id^9901|url^http:\/\/treekode.com\/hazel\/onepage6\/wp-content\/uploads\/sites\/10\/2016\/12\/IMG_0292b.jpg|caption^null|alt^null|title^IMG_0292b|description^null&#8221; bg_override=&#8221;ex-full&#8221; enable_overlay=&#8221;enable_overlay_value&#8221; overlay_color=&#8221;rgba(25,25,25,0.89)&#8221; seperator_enable=&#8221;seperator_enable_value&#8221; seperator_type=&#8221;triangle_svg_seperator&#8221; seperator_svg_height=&#8221;20&#8243; seperator_shape_background=&#8221;#101010&#8243;][vc_column width=&#8221;1\/2&#8243;][vc_row_inner el_class=&#8221;mobile-text-center&#8221;][vc_column_inner width=&#8221;1\/6&#8243;][\/vc_column_inner][vc_column_inner width=&#8221;2\/3&#8243;][\/vc_column_inner][vc_column_inner width=&#8221;1\/6&#8243;][\/vc_column_inner][\/vc_row_inner][\/vc_column][vc_column width=&#8221;1\/2&#8243;][\/vc_column][\/vc_row][vc_row][vc_column width=&#8221;1\/4&#8243;][\/vc_column][vc_column css_animation=&#8221;fadeInDownBig&#8221; width=&#8221;1\/2&#8243;][vc_empty_space][vc_raw_html]JTVCd3BnbXphJTIwaWQlM0QlMjIxJTIyJTVE[\/vc_raw_html][vc_empty_space][\/vc_column][vc_column width=&#8221;1\/4&#8243;][\/vc_column][\/vc_row]<\/p>\n","protected":false},"excerpt":{"rendered":"<p>[vc_row][vc_column][vc_empty_space height=&#8221;50px&#8221;][\/vc_column][\/vc_row][vc_row][vc_column width=&#8221;1\/2&#8243;][vc_video link=&#8221;https:\/\/www.youtube.com\/watch?v=FXDjMJJDbqo&#8221;][\/vc_column][vc_column width=&#8221;1\/2&#8243;][vc_empty_space height=&#8221;20px&#8221;][vc_custom_heading text=&#8221;SKENIRANJE Z 3D-360\u00b0 TEHNOLOGIJO&#8221; use_theme_fonts=&#8221;yes&#8221;][vc_empty_space height=&#8221;20px&#8221;][vc_column_text css_animation=&#8221;right-to-left&#8221;]Virtualni ogledi so sestavljeni iz ve\u010d med seboj povezanih skeniranj, softverski obdelanih v posebnem programu v eno celoto.\u00a0 Kot rezultat dobimo 3-dimenzionalni model prostora kateremu re\u010demo (digitalni dvoj\u010dek). 3D medijska prezentacija, katero dobimo&#8230; za Vas naredi uprizoritev interaktivnih 3D-prehodov in fotografij katerega koli [&hellip;]<\/p>\n","protected":false},"author":1,"featured_media":0,"parent":60,"menu_order":0,"comment_status":"closed","ping_status":"closed","template":"page.php","meta":{"om_disable_all_campaigns":false,"_monsterinsights_skip_tracking":false,"_monsterinsights_sitenote_active":false,"_monsterinsights_sitenote_note":"","_monsterinsights_sitenote_category":0,"_uf_show_specific_survey":0,"_uf_disable_surveys":false,"footnotes":""},"class_list":["post-97","page","type-page","status-publish","hentry"],"aioseo_notices":[],"_links":{"self":[{"href":"https:\/\/www.altab.si\/home\/wp-json\/wp\/v2\/pages\/97","targetHints":{"allow":["GET"]}}],"collection":[{"href":"https:\/\/www.altab.si\/home\/wp-json\/wp\/v2\/pages"}],"about":[{"href":"https:\/\/www.altab.si\/home\/wp-json\/wp\/v2\/types\/page"}],"author":[{"embeddable":true,"href":"https:\/\/www.altab.si\/home\/wp-json\/wp\/v2\/users\/1"}],"replies":[{"embeddable":true,"href":"https:\/\/www.altab.si\/home\/wp-json\/wp\/v2\/comments?post=97"}],"version-history":[{"count":37,"href":"https:\/\/www.altab.si\/home\/wp-json\/wp\/v2\/pages\/97\/revisions"}],"predecessor-version":[{"id":11844,"href":"https:\/\/www.altab.si\/home\/wp-json\/wp\/v2\/pages\/97\/revisions\/11844"}],"up":[{"embeddable":true,"href":"https:\/\/www.altab.si\/home\/wp-json\/wp\/v2\/pages\/60"}],"wp:attachment":[{"href":"https:\/\/www.altab.si\/home\/wp-json\/wp\/v2\/media?parent=97"}],"curies":[{"name":"wp","href":"https:\/\/api.w.org\/{rel}","templated":true}]}}